{"id":123,"date":"2025-06-13T14:25:25","date_gmt":"2025-06-13T14:25:25","guid":{"rendered":"https:\/\/abx.sn\/?page_id=123"},"modified":"2025-11-04T16:08:56","modified_gmt":"2025-11-04T16:08:56","slug":"formation-conseil","status":"publish","type":"page","link":"https:\/\/abx.sn\/index.php\/formation-conseil\/","title":{"rendered":"Formation &amp; Conseils"},"content":{"rendered":"\n<p><strong>FORMATION<\/strong> <a href=\"https:\/\/abx.sn\/wp-content\/uploads\/2025\/11\/LISTE-DES-SEMINAIRES-2022-2023-2024-REVUE-ABA-1.pdf\" target=\"_blank\" rel=\"noreferrer noopener\">(Liste des form\u00e9s)<\/a><\/p>\n\n\n\n<p>Pour la r\u00e9alisation des missions de formation, ABX SARL dispose d\u2019une \u00e9quipe p\u00e9dagogique dirig\u00e9 par un Expert-Comptable &#8211; formateur disposant par ailleurs d\u2019une exp\u00e9rience av\u00e9r\u00e9e dans la formation des adultes, professionnels et jeunes \u00e9tudiants. Il a une longue exp\u00e9rience en tant que praticien dans le domaine de la comptabilit\u00e9 et la gestion financi\u00e8re des entreprises, institutions financi\u00e8res internationales de projets financ\u00e9s par les bailleurs de fonds (BM, BID, AFD, BAD, FM, UE, FIDA, Coop\u00e9ration Italienne, Coop\u00e9ration Espagnole etc.) des soci\u00e9t\u00e9s nationales et des entit\u00e9s publiques en particulier les Agences<\/p>\n\n\n\n<p><strong>CONSEILS ET MISE EN PLACE DE SYSTEMES ET D\u2019OUTILS DE GESTION<\/strong><\/p>\n\n\n\n<p><strong>\u25ba CONSEIL ORGANISATIONNEL ET ASSISTANCE AUX ENTREPRISES<\/strong><\/p>\n\n\n\n<ul class=\"wp-block-list\">\n<li>Elaboration de manuels de proc\u00e9dures, mise en place d\u2019organigrammes, diagnostic organisationnel,<\/li>\n\n\n\n<li>Conseil strat\u00e9gique (\u00e9laboration de plans strat\u00e9giques d\u2019entreprises, diagnostic strat\u00e9gique, financier et commercial),<\/li>\n\n\n\n<li>Redressement et restructuration d\u2019entreprises,<\/li>\n\n\n\n<li>Microfinance et enqu\u00eates socio\u00e9conomiques.<\/li>\n<\/ul>\n\n\n\n<p><strong>\u25ba&nbsp; CONSEIL EN ORGANISATION COMPTABLE <\/strong><\/p>\n\n\n\n<ul class=\"wp-block-list\">\n<li>Mise en place du plan comptable adapt\u00e9 \u00e0 l&rsquo;entreprise,<\/li>\n\n\n\n<li>Mise en place d&rsquo;une comptabilit\u00e9 analytique d&rsquo;exploitation,<\/li>\n\n\n\n<li>Contr\u00f4le des services comptables,<\/li>\n\n\n\n<li>Analyse et organisation des circuits de documents,<\/li>\n\n\n\n<li>Organisation des structures administratives, comptables et financi\u00e8res.<\/li>\n<\/ul>\n\n\n\n<p><strong>\u25ba INFORMATIQUE ET SYSTEMES D\u2019INFORMATION<em>&nbsp;<\/em><\/strong><\/p>\n\n\n\n<ul class=\"wp-block-list\">\n<li>D\u00e9finition des besoins,<\/li>\n\n\n\n<li>Analyse des contraintes,<\/li>\n\n\n\n<li>Examen des moyens de traitement,<\/li>\n\n\n\n<li>Elaboration du cahier des charges,<\/li>\n\n\n\n<li>Appels d&rsquo;offres,<\/li>\n\n\n\n<li>Mise en place du mat\u00e9riel et des hommes,<\/li>\n\n\n\n<li>Formation et adaptation du personnel,<\/li>\n\n\n\n<li>Choix des syst\u00e8mes de s\u00e9curit\u00e9.<\/li>\n<\/ul>\n\n\n\n<p><strong>\u25baGESTION FINANCIERE<\/strong><\/p>\n\n\n\n<ul class=\"wp-block-list\">\n<li>&nbsp;Organisation de la fonction tr\u00e9sorerie,<\/li>\n\n\n\n<li>&nbsp;Plan de tr\u00e9sorerie,<\/li>\n\n\n\n<li>&nbsp;Optimisation de la gestion de tr\u00e9sorerie,<\/li>\n\n\n\n<li>&nbsp;Analyse financi\u00e8re,<\/li>\n\n\n\n<li>&nbsp;Plan de financement,<\/li>\n\n\n\n<li>&nbsp;Relations avec les organismes bancaires et financiers.<\/li>\n<\/ul>\n\n\n\n<p><strong>\u25ba DIAGNOSTIC&nbsp;<\/strong><\/p>\n\n\n\n<ul class=\"wp-block-list\">\n<li>Analyses des opportunit\u00e9s (cr\u00e9ation ou rachat d&rsquo;entreprises),<\/li>\n\n\n\n<li>D\u00e9finition du produit,<\/li>\n\n\n\n<li>Evaluation de la fonction de production,<\/li>\n\n\n\n<li>Analyse du march\u00e9,<\/li>\n\n\n\n<li>Orientation de la politique commerciale,<\/li>\n\n\n\n<li>Organigramme et d\u00e9finition des fonctions,<\/li>\n\n\n\n<li>D\u00e9termination des besoins de financement,<\/li>\n\n\n\n<li>Analyse financi\u00e8re, synth\u00e8se et opinion.<\/li>\n<\/ul>\n\n\n\n<p><strong>\u25ba CONSEIL EN TRANSMISSION D&rsquo;ENTREPRISES ET SUCCESSIONS<em>&nbsp;&nbsp;&nbsp;&nbsp;&nbsp;&nbsp;<\/em><\/strong><\/p>\n\n\n\n<ul class=\"wp-block-list\">\n<li>Transmission des entreprises ou des droits sociaux,<\/li>\n\n\n\n<li>Reprise d&rsquo;une entreprise par ses salari\u00e9s,<\/li>\n\n\n\n<li>Fusion, apport partiel d&rsquo;actif, scission,<\/li>\n\n\n\n<li>Introduction en bourse,<\/li>\n\n\n\n<li>Pr\u00e9paration de successions et partages.<\/li>\n<\/ul>\n\n\n\n<p><strong>\u25ba POLITIQUES ET GOUVERNANCE PUBLIQUES<\/strong><\/p>\n\n\n\n<ul class=\"wp-block-list\">\n<li>Elaboration de Cadres de D\u00e9penses Sectoriels \u00e0 Moyen terme <strong>(CDSMT)<\/strong><\/li>\n\n\n\n<li>Etude sur la macro-\u00e9conomie et les finances publiques,<\/li>\n\n\n\n<li>Etudes et strat\u00e9gies sectorielles.<\/li>\n<\/ul>\n","protected":false},"excerpt":{"rendered":"<p>FORMATION (Liste des form\u00e9s) Pour la r\u00e9alisation des missions de formation, ABX SARL dispose d\u2019une \u00e9quipe p\u00e9dagogique dirig\u00e9 par un Expert-Comptable &#8211; formateur disposant par ailleurs d\u2019une exp\u00e9rience av\u00e9r\u00e9e dans la formation des adultes, professionnels et jeunes \u00e9tudiants. Il a une longue exp\u00e9rience en tant que praticien dans le domaine de la comptabilit\u00e9 et la [&hellip;]<\/p>\n","protected":false},"author":1,"featured_media":0,"parent":0,"menu_order":0,"comment_status":"closed","ping_status":"closed","template":"","meta":{"footnotes":""},"class_list":["post-123","page","type-page","status-publish","hentry"],"yoast_head":"<!-- This site is optimized with the Yoast SEO plugin v25.3 - https:\/\/yoast.com\/wordpress\/plugins\/seo\/ -->\n<title>Formation &amp; Conseils - abx, cabinet d&#039;expertise comptalbe<\/title>\n<meta name=\"robots\" content=\"index, follow, max-snippet:-1, max-image-preview:large, max-video-preview:-1\" \/>\n<link rel=\"canonical\" href=\"https:\/\/abx.sn\/index.php\/formation-conseil\/\" \/>\n<meta property=\"og:locale\" content=\"fr_FR\" \/>\n<meta property=\"og:type\" content=\"article\" \/>\n<meta property=\"og:title\" content=\"Formation &amp; Conseils - abx, cabinet d&#039;expertise comptalbe\" \/>\n<meta property=\"og:description\" content=\"FORMATION (Liste des form\u00e9s) Pour la r\u00e9alisation des missions de formation, ABX SARL dispose d\u2019une \u00e9quipe p\u00e9dagogique dirig\u00e9 par un Expert-Comptable &#8211; formateur disposant par ailleurs d\u2019une exp\u00e9rience av\u00e9r\u00e9e dans la formation des adultes, professionnels et jeunes \u00e9tudiants. Il a une longue exp\u00e9rience en tant que praticien dans le domaine de la comptabilit\u00e9 et la [&hellip;]\" \/>\n<meta property=\"og:url\" content=\"https:\/\/abx.sn\/index.php\/formation-conseil\/\" \/>\n<meta property=\"og:site_name\" content=\"abx, cabinet d&#039;expertise comptalbe\" \/>\n<meta property=\"article:modified_time\" content=\"2025-11-04T16:08:56+00:00\" \/>\n<meta name=\"twitter:card\" content=\"summary_large_image\" \/>\n<meta name=\"twitter:label1\" content=\"Dur\u00e9e de lecture estim\u00e9e\" \/>\n\t<meta name=\"twitter:data1\" content=\"2 minutes\" \/>\n<script type=\"application\/ld+json\" class=\"yoast-schema-graph\">{\"@context\":\"https:\/\/schema.org\",\"@graph\":[{\"@type\":\"WebPage\",\"@id\":\"https:\/\/abx.sn\/index.php\/formation-conseil\/\",\"url\":\"https:\/\/abx.sn\/index.php\/formation-conseil\/\",\"name\":\"Formation &amp; Conseils - abx, cabinet d&#039;expertise comptalbe\",\"isPartOf\":{\"@id\":\"https:\/\/abx.sn\/#website\"},\"datePublished\":\"2025-06-13T14:25:25+00:00\",\"dateModified\":\"2025-11-04T16:08:56+00:00\",\"breadcrumb\":{\"@id\":\"https:\/\/abx.sn\/index.php\/formation-conseil\/#breadcrumb\"},\"inLanguage\":\"fr-FR\",\"potentialAction\":[{\"@type\":\"ReadAction\",\"target\":[\"https:\/\/abx.sn\/index.php\/formation-conseil\/\"]}]},{\"@type\":\"BreadcrumbList\",\"@id\":\"https:\/\/abx.sn\/index.php\/formation-conseil\/#breadcrumb\",\"itemListElement\":[{\"@type\":\"ListItem\",\"position\":1,\"name\":\"Accueil\",\"item\":\"https:\/\/abx.sn\/\"},{\"@type\":\"ListItem\",\"position\":2,\"name\":\"Formation &amp; Conseils\"}]},{\"@type\":\"WebSite\",\"@id\":\"https:\/\/abx.sn\/#website\",\"url\":\"https:\/\/abx.sn\/\",\"name\":\"abx, cabinet d&#039;expertise comptalbe\",\"description\":\"\",\"publisher\":{\"@id\":\"https:\/\/abx.sn\/#organization\"},\"potentialAction\":[{\"@type\":\"SearchAction\",\"target\":{\"@type\":\"EntryPoint\",\"urlTemplate\":\"https:\/\/abx.sn\/?s={search_term_string}\"},\"query-input\":{\"@type\":\"PropertyValueSpecification\",\"valueRequired\":true,\"valueName\":\"search_term_string\"}}],\"inLanguage\":\"fr-FR\"},{\"@type\":\"Organization\",\"@id\":\"https:\/\/abx.sn\/#organization\",\"name\":\"abx, cabinet d&#039;expertise comptalbe\",\"url\":\"https:\/\/abx.sn\/\",\"logo\":{\"@type\":\"ImageObject\",\"inLanguage\":\"fr-FR\",\"@id\":\"https:\/\/abx.sn\/#\/schema\/logo\/image\/\",\"url\":\"https:\/\/abx.sn\/wp-content\/uploads\/2025\/06\/abx_logo-2.png\",\"contentUrl\":\"https:\/\/abx.sn\/wp-content\/uploads\/2025\/06\/abx_logo-2.png\",\"width\":458,\"height\":256,\"caption\":\"abx, cabinet d&#039;expertise comptalbe\"},\"image\":{\"@id\":\"https:\/\/abx.sn\/#\/schema\/logo\/image\/\"}}]}<\/script>\n<!-- \/ Yoast SEO plugin. -->","yoast_head_json":{"title":"Formation &amp; Conseils - abx, cabinet d&#039;expertise comptalbe","robots":{"index":"index","follow":"follow","max-snippet":"max-snippet:-1","max-image-preview":"max-image-preview:large","max-video-preview":"max-video-preview:-1"},"canonical":"https:\/\/abx.sn\/index.php\/formation-conseil\/","og_locale":"fr_FR","og_type":"article","og_title":"Formation &amp; Conseils - abx, cabinet d&#039;expertise comptalbe","og_description":"FORMATION (Liste des form\u00e9s) Pour la r\u00e9alisation des missions de formation, ABX SARL dispose d\u2019une \u00e9quipe p\u00e9dagogique dirig\u00e9 par un Expert-Comptable &#8211; formateur disposant par ailleurs d\u2019une exp\u00e9rience av\u00e9r\u00e9e dans la formation des adultes, professionnels et jeunes \u00e9tudiants. Il a une longue exp\u00e9rience en tant que praticien dans le domaine de la comptabilit\u00e9 et la [&hellip;]","og_url":"https:\/\/abx.sn\/index.php\/formation-conseil\/","og_site_name":"abx, cabinet d&#039;expertise comptalbe","article_modified_time":"2025-11-04T16:08:56+00:00","twitter_card":"summary_large_image","twitter_misc":{"Dur\u00e9e de lecture estim\u00e9e":"2 minutes"},"schema":{"@context":"https:\/\/schema.org","@graph":[{"@type":"WebPage","@id":"https:\/\/abx.sn\/index.php\/formation-conseil\/","url":"https:\/\/abx.sn\/index.php\/formation-conseil\/","name":"Formation &amp; Conseils - abx, cabinet d&#039;expertise comptalbe","isPartOf":{"@id":"https:\/\/abx.sn\/#website"},"datePublished":"2025-06-13T14:25:25+00:00","dateModified":"2025-11-04T16:08:56+00:00","breadcrumb":{"@id":"https:\/\/abx.sn\/index.php\/formation-conseil\/#breadcrumb"},"inLanguage":"fr-FR","potentialAction":[{"@type":"ReadAction","target":["https:\/\/abx.sn\/index.php\/formation-conseil\/"]}]},{"@type":"BreadcrumbList","@id":"https:\/\/abx.sn\/index.php\/formation-conseil\/#breadcrumb","itemListElement":[{"@type":"ListItem","position":1,"name":"Accueil","item":"https:\/\/abx.sn\/"},{"@type":"ListItem","position":2,"name":"Formation &amp; Conseils"}]},{"@type":"WebSite","@id":"https:\/\/abx.sn\/#website","url":"https:\/\/abx.sn\/","name":"abx, cabinet d&#039;expertise comptalbe","description":"","publisher":{"@id":"https:\/\/abx.sn\/#organization"},"potentialAction":[{"@type":"SearchAction","target":{"@type":"EntryPoint","urlTemplate":"https:\/\/abx.sn\/?s={search_term_string}"},"query-input":{"@type":"PropertyValueSpecification","valueRequired":true,"valueName":"search_term_string"}}],"inLanguage":"fr-FR"},{"@type":"Organization","@id":"https:\/\/abx.sn\/#organization","name":"abx, cabinet d&#039;expertise comptalbe","url":"https:\/\/abx.sn\/","logo":{"@type":"ImageObject","inLanguage":"fr-FR","@id":"https:\/\/abx.sn\/#\/schema\/logo\/image\/","url":"https:\/\/abx.sn\/wp-content\/uploads\/2025\/06\/abx_logo-2.png","contentUrl":"https:\/\/abx.sn\/wp-content\/uploads\/2025\/06\/abx_logo-2.png","width":458,"height":256,"caption":"abx, cabinet d&#039;expertise comptalbe"},"image":{"@id":"https:\/\/abx.sn\/#\/schema\/logo\/image\/"}}]}},"jetpack_sharing_enabled":true,"_links":{"self":[{"href":"https:\/\/abx.sn\/index.php\/wp-json\/wp\/v2\/pages\/123","targetHints":{"allow":["GET"]}}],"collection":[{"href":"https:\/\/abx.sn\/index.php\/wp-json\/wp\/v2\/pages"}],"about":[{"href":"https:\/\/abx.sn\/index.php\/wp-json\/wp\/v2\/types\/page"}],"author":[{"embeddable":true,"href":"https:\/\/abx.sn\/index.php\/wp-json\/wp\/v2\/users\/1"}],"replies":[{"embeddable":true,"href":"https:\/\/abx.sn\/index.php\/wp-json\/wp\/v2\/comments?post=123"}],"version-history":[{"count":30,"href":"https:\/\/abx.sn\/index.php\/wp-json\/wp\/v2\/pages\/123\/revisions"}],"predecessor-version":[{"id":530,"href":"https:\/\/abx.sn\/index.php\/wp-json\/wp\/v2\/pages\/123\/revisions\/530"}],"wp:attachment":[{"href":"https:\/\/abx.sn\/index.php\/wp-json\/wp\/v2\/media?parent=123"}],"curies":[{"name":"wp","href":"https:\/\/api.w.org\/{rel}","templated":true}]}}