{"id":133,"date":"2025-06-13T15:16:31","date_gmt":"2025-06-13T15:16:31","guid":{"rendered":"https:\/\/abx.sn\/?page_id=133"},"modified":"2025-06-24T13:52:28","modified_gmt":"2025-06-24T13:52:28","slug":"expertise","status":"publish","type":"page","link":"https:\/\/abx.sn\/index.php\/expertise\/","title":{"rendered":"Expertise"},"content":{"rendered":"\n<p class=\"has-dark-color has-text-color has-link-color wp-elements-dc880eba0772ff0e819f7aa64f192a87\"><\/p>\n\n\n\n<div class=\"wp-block-columns is-layout-flex wp-container-core-columns-is-layout-28f84493 wp-block-columns-is-layout-flex\">\n<div class=\"wp-block-column is-layout-flow wp-block-column-is-layout-flow\" style=\"flex-basis:100%\">\n<figure class=\"wp-block-table\">\n<table>\n<tbody>\n<tr>\n<td><strong><span style=\"color: #ff6600;\">EXPERTISE JURIDIQUE<\/span><\/strong><\/td>\n<td>\u00a0<\/td>\n<\/tr>\n<tr>\n<td><span style=\"color: #000000;\"><strong>ABX SARL <\/strong>vous tient \u00e0 jour sur les l\u2019\u00e9volution de l\u2019environnement juridique au S\u00e9n\u00e9gal et vous propose ses conseils dans les domaines suivants\u00a0:<\/span><br \/>\n<ul>\n<li><strong><span style=\"color: #000000;\">Etudes de fusion, scission, apports partiels d&rsquo;actifs,<\/span><\/strong><\/li>\n<li><strong><span style=\"color: #000000;\">Expertise amiable,<\/span><\/strong><\/li>\n<li><strong><span style=\"color: #000000;\">Expertise judiciaire,<\/span><\/strong><\/li>\n<li><strong><span style=\"color: #000000;\">Expertise de minorit\u00e9,<\/span><\/strong><\/li>\n<li><strong><span style=\"color: #000000;\">Arbitrage<\/span><span style=\"color: #000000;\">,<\/span><\/strong><\/li>\n<\/ul>\n<\/td>\n<td>\u00a0<\/td>\n<\/tr>\n<tr>\n<td><strong><span style=\"color: #ff6600;\">EXPERTISES FISCAL ET SOCIAL<\/span><\/strong><\/td>\n<td>\u00a0<\/td>\n<\/tr>\n<tr>\n<td><span style=\"color: #000000;\"><strong>ABX SARL <\/strong>vous tient \u00e0 jour sur les l\u2019\u00e9volution de l\u2019environnement fiscal et social au S\u00e9n\u00e9gal et vous propose ses conseils en mati\u00e8re d\u2019expertise fiscal et social<\/span>.<br \/>\n<ul>\n<li><span style=\"color: #000000;\"><strong>Etablissement de d\u00e9clarations fiscales et sociales,<\/strong><\/span><\/li>\n<li><span style=\"color: #000000;\"><strong>Etude sur les ressources humaines,<\/strong><\/span><\/li>\n<li><span style=\"color: #000000;\"><strong>Recrutement de personnel,<\/strong><\/span><\/li>\n<li><span style=\"color: #000000;\"><strong>Elaboration de r\u00e8glements int\u00e9rieurs et de statuts du personnel,<\/strong><\/span><\/li>\n<\/ul>\n<\/td>\n<td>\u00a0<\/td>\n<\/tr>\n<tr>\n<td>\u00a0<\/td>\n<td>\u00a0<\/td>\n<\/tr>\n<\/tbody>\n<\/table>\n<\/figure>\n<\/div>\n<\/div>\n\n\n\n<ul class=\"wp-block-list\">\n<li><\/li>\n<\/ul>\n\n\n\n<p><\/p>\n","protected":false},"excerpt":{"rendered":"<p>EXPERTISE JURIDIQUE \u00a0 ABX SARL vous tient \u00e0 jour sur les l\u2019\u00e9volution de l\u2019environnement juridique au S\u00e9n\u00e9gal et vous propose ses conseils dans les domaines suivants\u00a0: Etudes de fusion, scission, apports partiels d&rsquo;actifs, Expertise amiable, Expertise judiciaire, Expertise de minorit\u00e9, Arbitrage, \u00a0 EXPERTISES FISCAL ET SOCIAL \u00a0 ABX SARL vous tient \u00e0 jour sur les [&hellip;]<\/p>\n","protected":false},"author":1,"featured_media":0,"parent":0,"menu_order":0,"comment_status":"closed","ping_status":"closed","template":"","meta":{"footnotes":""},"class_list":["post-133","page","type-page","status-publish","hentry"],"yoast_head":"<!-- This site is optimized with the Yoast SEO plugin v25.3 - https:\/\/yoast.com\/wordpress\/plugins\/seo\/ -->\n<title>Expertise - abx, cabinet d&#039;expertise comptalbe<\/title>\n<meta name=\"robots\" content=\"index, follow, max-snippet:-1, max-image-preview:large, max-video-preview:-1\" \/>\n<link rel=\"canonical\" href=\"https:\/\/abx.sn\/index.php\/expertise\/\" \/>\n<meta property=\"og:locale\" content=\"fr_FR\" \/>\n<meta property=\"og:type\" content=\"article\" \/>\n<meta property=\"og:title\" content=\"Expertise - abx, cabinet d&#039;expertise comptalbe\" \/>\n<meta property=\"og:description\" content=\"EXPERTISE JURIDIQUE \u00a0 ABX SARL vous tient \u00e0 jour sur les l\u2019\u00e9volution de l\u2019environnement juridique au S\u00e9n\u00e9gal et vous propose ses conseils dans les domaines suivants\u00a0: Etudes de fusion, scission, apports partiels d&rsquo;actifs, Expertise amiable, Expertise judiciaire, Expertise de minorit\u00e9, Arbitrage, \u00a0 EXPERTISES FISCAL ET SOCIAL \u00a0 ABX SARL vous tient \u00e0 jour sur les [&hellip;]\" \/>\n<meta property=\"og:url\" content=\"https:\/\/abx.sn\/index.php\/expertise\/\" \/>\n<meta property=\"og:site_name\" content=\"abx, cabinet d&#039;expertise comptalbe\" \/>\n<meta property=\"article:modified_time\" content=\"2025-06-24T13:52:28+00:00\" \/>\n<meta name=\"twitter:card\" content=\"summary_large_image\" \/>\n<meta name=\"twitter:label1\" content=\"Dur\u00e9e de lecture estim\u00e9e\" \/>\n\t<meta name=\"twitter:data1\" content=\"1 minute\" \/>\n<script type=\"application\/ld+json\" class=\"yoast-schema-graph\">{\"@context\":\"https:\/\/schema.org\",\"@graph\":[{\"@type\":\"WebPage\",\"@id\":\"https:\/\/abx.sn\/index.php\/expertise\/\",\"url\":\"https:\/\/abx.sn\/index.php\/expertise\/\",\"name\":\"Expertise - abx, cabinet d&#039;expertise comptalbe\",\"isPartOf\":{\"@id\":\"https:\/\/abx.sn\/#website\"},\"datePublished\":\"2025-06-13T15:16:31+00:00\",\"dateModified\":\"2025-06-24T13:52:28+00:00\",\"breadcrumb\":{\"@id\":\"https:\/\/abx.sn\/index.php\/expertise\/#breadcrumb\"},\"inLanguage\":\"fr-FR\",\"potentialAction\":[{\"@type\":\"ReadAction\",\"target\":[\"https:\/\/abx.sn\/index.php\/expertise\/\"]}]},{\"@type\":\"BreadcrumbList\",\"@id\":\"https:\/\/abx.sn\/index.php\/expertise\/#breadcrumb\",\"itemListElement\":[{\"@type\":\"ListItem\",\"position\":1,\"name\":\"Accueil\",\"item\":\"https:\/\/abx.sn\/\"},{\"@type\":\"ListItem\",\"position\":2,\"name\":\"Expertise\"}]},{\"@type\":\"WebSite\",\"@id\":\"https:\/\/abx.sn\/#website\",\"url\":\"https:\/\/abx.sn\/\",\"name\":\"abx, cabinet d&#039;expertise comptalbe\",\"description\":\"\",\"publisher\":{\"@id\":\"https:\/\/abx.sn\/#organization\"},\"potentialAction\":[{\"@type\":\"SearchAction\",\"target\":{\"@type\":\"EntryPoint\",\"urlTemplate\":\"https:\/\/abx.sn\/?s={search_term_string}\"},\"query-input\":{\"@type\":\"PropertyValueSpecification\",\"valueRequired\":true,\"valueName\":\"search_term_string\"}}],\"inLanguage\":\"fr-FR\"},{\"@type\":\"Organization\",\"@id\":\"https:\/\/abx.sn\/#organization\",\"name\":\"abx, cabinet d&#039;expertise comptalbe\",\"url\":\"https:\/\/abx.sn\/\",\"logo\":{\"@type\":\"ImageObject\",\"inLanguage\":\"fr-FR\",\"@id\":\"https:\/\/abx.sn\/#\/schema\/logo\/image\/\",\"url\":\"https:\/\/abx.sn\/wp-content\/uploads\/2025\/06\/abx_logo-2.png\",\"contentUrl\":\"https:\/\/abx.sn\/wp-content\/uploads\/2025\/06\/abx_logo-2.png\",\"width\":458,\"height\":256,\"caption\":\"abx, cabinet d&#039;expertise comptalbe\"},\"image\":{\"@id\":\"https:\/\/abx.sn\/#\/schema\/logo\/image\/\"}}]}<\/script>\n<!-- \/ Yoast SEO plugin. -->","yoast_head_json":{"title":"Expertise - abx, cabinet d&#039;expertise comptalbe","robots":{"index":"index","follow":"follow","max-snippet":"max-snippet:-1","max-image-preview":"max-image-preview:large","max-video-preview":"max-video-preview:-1"},"canonical":"https:\/\/abx.sn\/index.php\/expertise\/","og_locale":"fr_FR","og_type":"article","og_title":"Expertise - abx, cabinet d&#039;expertise comptalbe","og_description":"EXPERTISE JURIDIQUE \u00a0 ABX SARL vous tient \u00e0 jour sur les l\u2019\u00e9volution de l\u2019environnement juridique au S\u00e9n\u00e9gal et vous propose ses conseils dans les domaines suivants\u00a0: Etudes de fusion, scission, apports partiels d&rsquo;actifs, Expertise amiable, Expertise judiciaire, Expertise de minorit\u00e9, Arbitrage, \u00a0 EXPERTISES FISCAL ET SOCIAL \u00a0 ABX SARL vous tient \u00e0 jour sur les [&hellip;]","og_url":"https:\/\/abx.sn\/index.php\/expertise\/","og_site_name":"abx, cabinet d&#039;expertise comptalbe","article_modified_time":"2025-06-24T13:52:28+00:00","twitter_card":"summary_large_image","twitter_misc":{"Dur\u00e9e de lecture estim\u00e9e":"1 minute"},"schema":{"@context":"https:\/\/schema.org","@graph":[{"@type":"WebPage","@id":"https:\/\/abx.sn\/index.php\/expertise\/","url":"https:\/\/abx.sn\/index.php\/expertise\/","name":"Expertise - abx, cabinet d&#039;expertise comptalbe","isPartOf":{"@id":"https:\/\/abx.sn\/#website"},"datePublished":"2025-06-13T15:16:31+00:00","dateModified":"2025-06-24T13:52:28+00:00","breadcrumb":{"@id":"https:\/\/abx.sn\/index.php\/expertise\/#breadcrumb"},"inLanguage":"fr-FR","potentialAction":[{"@type":"ReadAction","target":["https:\/\/abx.sn\/index.php\/expertise\/"]}]},{"@type":"BreadcrumbList","@id":"https:\/\/abx.sn\/index.php\/expertise\/#breadcrumb","itemListElement":[{"@type":"ListItem","position":1,"name":"Accueil","item":"https:\/\/abx.sn\/"},{"@type":"ListItem","position":2,"name":"Expertise"}]},{"@type":"WebSite","@id":"https:\/\/abx.sn\/#website","url":"https:\/\/abx.sn\/","name":"abx, cabinet d&#039;expertise comptalbe","description":"","publisher":{"@id":"https:\/\/abx.sn\/#organization"},"potentialAction":[{"@type":"SearchAction","target":{"@type":"EntryPoint","urlTemplate":"https:\/\/abx.sn\/?s={search_term_string}"},"query-input":{"@type":"PropertyValueSpecification","valueRequired":true,"valueName":"search_term_string"}}],"inLanguage":"fr-FR"},{"@type":"Organization","@id":"https:\/\/abx.sn\/#organization","name":"abx, cabinet d&#039;expertise comptalbe","url":"https:\/\/abx.sn\/","logo":{"@type":"ImageObject","inLanguage":"fr-FR","@id":"https:\/\/abx.sn\/#\/schema\/logo\/image\/","url":"https:\/\/abx.sn\/wp-content\/uploads\/2025\/06\/abx_logo-2.png","contentUrl":"https:\/\/abx.sn\/wp-content\/uploads\/2025\/06\/abx_logo-2.png","width":458,"height":256,"caption":"abx, cabinet d&#039;expertise comptalbe"},"image":{"@id":"https:\/\/abx.sn\/#\/schema\/logo\/image\/"}}]}},"jetpack_sharing_enabled":true,"_links":{"self":[{"href":"https:\/\/abx.sn\/index.php\/wp-json\/wp\/v2\/pages\/133","targetHints":{"allow":["GET"]}}],"collection":[{"href":"https:\/\/abx.sn\/index.php\/wp-json\/wp\/v2\/pages"}],"about":[{"href":"https:\/\/abx.sn\/index.php\/wp-json\/wp\/v2\/types\/page"}],"author":[{"embeddable":true,"href":"https:\/\/abx.sn\/index.php\/wp-json\/wp\/v2\/users\/1"}],"replies":[{"embeddable":true,"href":"https:\/\/abx.sn\/index.php\/wp-json\/wp\/v2\/comments?post=133"}],"version-history":[{"count":8,"href":"https:\/\/abx.sn\/index.php\/wp-json\/wp\/v2\/pages\/133\/revisions"}],"predecessor-version":[{"id":439,"href":"https:\/\/abx.sn\/index.php\/wp-json\/wp\/v2\/pages\/133\/revisions\/439"}],"wp:attachment":[{"href":"https:\/\/abx.sn\/index.php\/wp-json\/wp\/v2\/media?parent=133"}],"curies":[{"name":"wp","href":"https:\/\/api.w.org\/{rel}","templated":true}]}}